{"id":4661,"date":"2022-02-17T13:25:38","date_gmt":"2022-02-17T13:25:38","guid":{"rendered":"http:\/\/medirferrer.com\/sobre-nosotros\/"},"modified":"2026-02-04T12:44:32","modified_gmt":"2026-02-04T12:44:32","slug":"sobre-nosaltres","status":"publish","type":"page","link":"https:\/\/medirferrer.com\/ca\/sobre-nosaltres\/","title":{"rendered":"Sobre nosaltres"},"content":{"rendered":"","protected":false},"excerpt":{"rendered":"","protected":false},"author":1,"featured_media":0,"parent":0,"menu_order":0,"comment_status":"closed","ping_status":"closed","template":"page-ferreralimentacion.php","meta":{"footnotes":""},"class_list":["post-4661","page","type-page","status-publish","hentry"],"yoast_head":"<!-- This site is optimized with the Yoast SEO plugin v27.2 - https:\/\/yoast.com\/product\/yoast-seo-wordpress\/ -->\n<title>Medir Ferrer - Sobre nosaltres<\/title>\n<meta name=\"description\" content=\"Treballem per oferir solucions destacades en el proc\u00e9s de producci\u00f3, aplicaci\u00f3 i creaci\u00f3 de productes per a \u00fas industrial\" \/>\n<meta name=\"robots\" content=\"index, follow, max-snippet:-1, max-image-preview:large, max-video-preview:-1\" \/>\n<link rel=\"canonical\" href=\"https:\/\/medirferrer.com\/ca\/sobre-nosaltres\/\" \/>\n<meta property=\"og:locale\" content=\"ca_ES\" \/>\n<meta property=\"og:type\" content=\"article\" \/>\n<meta property=\"og:title\" content=\"Medir Ferrer - Sobre nosaltres\" \/>\n<meta property=\"og:description\" content=\"Treballem per oferir solucions destacades en el proc\u00e9s de producci\u00f3, aplicaci\u00f3 i creaci\u00f3 de productes per a \u00fas industrial\" \/>\n<meta property=\"og:url\" content=\"https:\/\/medirferrer.com\/ca\/sobre-nosaltres\/\" \/>\n<meta property=\"og:site_name\" content=\"Medir Ferrer\" \/>\n<meta property=\"article:modified_time\" content=\"2026-02-04T12:44:32+00:00\" \/>\n<meta name=\"twitter:card\" content=\"summary_large_image\" \/>\n<script type=\"application\/ld+json\" class=\"yoast-schema-graph\">{\"@context\":\"https:\/\/schema.org\",\"@graph\":[{\"@type\":\"WebPage\",\"@id\":\"https:\/\/medirferrer.com\/ca\/sobre-nosaltres\/\",\"url\":\"https:\/\/medirferrer.com\/ca\/sobre-nosaltres\/\",\"name\":\"Medir Ferrer - Sobre nosaltres\",\"isPartOf\":{\"@id\":\"https:\/\/medirferrer.com\/#website\"},\"datePublished\":\"2022-02-17T13:25:38+00:00\",\"dateModified\":\"2026-02-04T12:44:32+00:00\",\"description\":\"Treballem per oferir solucions destacades en el proc\u00e9s de producci\u00f3, aplicaci\u00f3 i creaci\u00f3 de productes per a \u00fas industrial\",\"inLanguage\":\"ca\",\"potentialAction\":[{\"@type\":\"ReadAction\",\"target\":[\"https:\/\/medirferrer.com\/ca\/sobre-nosaltres\/\"]}]},{\"@type\":\"WebSite\",\"@id\":\"https:\/\/medirferrer.com\/#website\",\"url\":\"https:\/\/medirferrer.com\/\",\"name\":\"Medir Ferrer\",\"description\":\"En Medir Ferrer ofrecemos soluciones integrales en los procesos industriales, una completa gama de productos y una capacidad de distribuci\u00f3n y servicio especializados.\",\"potentialAction\":[{\"@type\":\"SearchAction\",\"target\":{\"@type\":\"EntryPoint\",\"urlTemplate\":\"https:\/\/medirferrer.com\/?s={search_term_string}\"},\"query-input\":{\"@type\":\"PropertyValueSpecification\",\"valueRequired\":true,\"valueName\":\"search_term_string\"}}],\"inLanguage\":\"ca\"}]}<\/script>\n<!-- \/ Yoast SEO plugin. -->","yoast_head_json":{"title":"Medir Ferrer - Sobre nosaltres","description":"Treballem per oferir solucions destacades en el proc\u00e9s de producci\u00f3, aplicaci\u00f3 i creaci\u00f3 de productes per a \u00fas industrial","robots":{"index":"index","follow":"follow","max-snippet":"max-snippet:-1","max-image-preview":"max-image-preview:large","max-video-preview":"max-video-preview:-1"},"canonical":"https:\/\/medirferrer.com\/ca\/sobre-nosaltres\/","og_locale":"ca_ES","og_type":"article","og_title":"Medir Ferrer - Sobre nosaltres","og_description":"Treballem per oferir solucions destacades en el proc\u00e9s de producci\u00f3, aplicaci\u00f3 i creaci\u00f3 de productes per a \u00fas industrial","og_url":"https:\/\/medirferrer.com\/ca\/sobre-nosaltres\/","og_site_name":"Medir Ferrer","article_modified_time":"2026-02-04T12:44:32+00:00","twitter_card":"summary_large_image","schema":{"@context":"https:\/\/schema.org","@graph":[{"@type":"WebPage","@id":"https:\/\/medirferrer.com\/ca\/sobre-nosaltres\/","url":"https:\/\/medirferrer.com\/ca\/sobre-nosaltres\/","name":"Medir Ferrer - Sobre nosaltres","isPartOf":{"@id":"https:\/\/medirferrer.com\/#website"},"datePublished":"2022-02-17T13:25:38+00:00","dateModified":"2026-02-04T12:44:32+00:00","description":"Treballem per oferir solucions destacades en el proc\u00e9s de producci\u00f3, aplicaci\u00f3 i creaci\u00f3 de productes per a \u00fas industrial","inLanguage":"ca","potentialAction":[{"@type":"ReadAction","target":["https:\/\/medirferrer.com\/ca\/sobre-nosaltres\/"]}]},{"@type":"WebSite","@id":"https:\/\/medirferrer.com\/#website","url":"https:\/\/medirferrer.com\/","name":"Medir Ferrer","description":"En Medir Ferrer ofrecemos soluciones integrales en los procesos industriales, una completa gama de productos y una capacidad de distribuci\u00f3n y servicio especializados.","potentialAction":[{"@type":"SearchAction","target":{"@type":"EntryPoint","urlTemplate":"https:\/\/medirferrer.com\/?s={search_term_string}"},"query-input":{"@type":"PropertyValueSpecification","valueRequired":true,"valueName":"search_term_string"}}],"inLanguage":"ca"}]}},"_links":{"self":[{"href":"https:\/\/medirferrer.com\/ca\/wp-json\/wp\/v2\/pages\/4661","targetHints":{"allow":["GET"]}}],"collection":[{"href":"https:\/\/medirferrer.com\/ca\/wp-json\/wp\/v2\/pages"}],"about":[{"href":"https:\/\/medirferrer.com\/ca\/wp-json\/wp\/v2\/types\/page"}],"author":[{"embeddable":true,"href":"https:\/\/medirferrer.com\/ca\/wp-json\/wp\/v2\/users\/1"}],"replies":[{"embeddable":true,"href":"https:\/\/medirferrer.com\/ca\/wp-json\/wp\/v2\/comments?post=4661"}],"version-history":[{"count":8,"href":"https:\/\/medirferrer.com\/ca\/wp-json\/wp\/v2\/pages\/4661\/revisions"}],"predecessor-version":[{"id":5166,"href":"https:\/\/medirferrer.com\/ca\/wp-json\/wp\/v2\/pages\/4661\/revisions\/5166"}],"wp:attachment":[{"href":"https:\/\/medirferrer.com\/ca\/wp-json\/wp\/v2\/media?parent=4661"}],"curies":[{"name":"wp","href":"https:\/\/api.w.org\/{rel}","templated":true}]}}